{"id":2618,"date":"2022-01-26T11:27:27","date_gmt":"2022-01-26T10:27:27","guid":{"rendered":"https:\/\/alko-airtechnology.com\/?page_id=2618"},"modified":"2024-09-23T09:14:43","modified_gmt":"2024-09-23T07:14:43","slug":"bim-converter","status":"publish","type":"page","link":"https:\/\/alko-airtechnology.com\/fr\/service\/planning-and-consulting\/bim-converter\/","title":{"rendered":"Convertisseur BIM"},"content":{"rendered":"\n<div class=\"B-ak-hero ak-block has-medium alignfull \"\n\t id=\"block_b79cfa7e0ac5647e4ee496516cca15ae\" >\n\n    <div class=\"B-ak-hero__row ak-section\"\n\t\t>\n\n\n\t\t\n                <div class=\"B-ak-hero__image\">\n\n\t\t\t\t\t<img loading=\"lazy\" decoding=\"async\" width=\"960\" height=\"600\" src=\"https:\/\/alko-airtechnology.com\/fr\/wp-content\/uploads\/sites\/5\/2022\/01\/Mood-BIM.jpg\" class=\"attachment-fullx600 size-fullx600\" alt=\"Convertisseur BIM\" caption=\"\" description=\"\" srcset=\"https:\/\/alko-airtechnology.com\/fr\/wp-content\/uploads\/sites\/5\/2022\/01\/Mood-BIM.jpg 1440w, https:\/\/alko-airtechnology.com\/fr\/wp-content\/uploads\/sites\/5\/2022\/01\/Mood-BIM-300x188.jpg 300w, https:\/\/alko-airtechnology.com\/fr\/wp-content\/uploads\/sites\/5\/2022\/01\/Mood-BIM-1024x640.jpg 1024w, https:\/\/alko-airtechnology.com\/fr\/wp-content\/uploads\/sites\/5\/2022\/01\/Mood-BIM-768x480.jpg 768w, https:\/\/alko-airtechnology.com\/fr\/wp-content\/uploads\/sites\/5\/2022\/01\/Mood-BIM-400x250.jpg 400w, https:\/\/alko-airtechnology.com\/fr\/wp-content\/uploads\/sites\/5\/2022\/01\/Mood-BIM-389x243.jpg 389w, https:\/\/alko-airtechnology.com\/fr\/wp-content\/uploads\/sites\/5\/2022\/01\/Mood-BIM-56x35.jpg 56w, https:\/\/alko-airtechnology.com\/fr\/wp-content\/uploads\/sites\/5\/2022\/01\/Mood-BIM-430x270.jpg 430w, https:\/\/alko-airtechnology.com\/fr\/wp-content\/uploads\/sites\/5\/2022\/01\/Mood-BIM-316x198.jpg 316w, https:\/\/alko-airtechnology.com\/fr\/wp-content\/uploads\/sites\/5\/2022\/01\/Mood-BIM-800x500.jpg 800w, https:\/\/alko-airtechnology.com\/fr\/wp-content\/uploads\/sites\/5\/2022\/01\/Mood-BIM-534x334.jpg 534w, https:\/\/alko-airtechnology.com\/fr\/wp-content\/uploads\/sites\/5\/2022\/01\/Mood-BIM-250x156.jpg 250w, https:\/\/alko-airtechnology.com\/fr\/wp-content\/uploads\/sites\/5\/2022\/01\/Mood-BIM-456x285.jpg 456w, https:\/\/alko-airtechnology.com\/fr\/wp-content\/uploads\/sites\/5\/2022\/01\/Mood-BIM-570x356.jpg 570w, https:\/\/alko-airtechnology.com\/fr\/wp-content\/uploads\/sites\/5\/2022\/01\/Mood-BIM-952x595.jpg 952w, https:\/\/alko-airtechnology.com\/fr\/wp-content\/uploads\/sites\/5\/2022\/01\/Mood-BIM-672x420.jpg 672w\" sizes=\"auto, (max-width: 960px) 100vw, 960px\" \/>\n                <\/div>\n\n\t\t\t\n            <div class=\"B-ak-hero__wrapper\">\n\n                <div class=\"B-ak-hero__wrapper-inner\">\n\n                    <div class=\"B-ak-hero__content\">\n\n\t\t\t\t\t\t\t\n    <div class=\"B-ak-hero__headline-heading ak-heading\">\n\n        <h1 class=\"ak-heading__title is-white\" >\n        Convertisseur BIM        <\/h1>\n\n    <\/div>\n\n\n                        <p class=\"B-ak-hero__description\">\n\n\t\t\t\t\t\t\tLe BIM (Building Information Modeling) est une m\u00e9thode utilis\u00e9e dans le secteur de la construction pour optimiser la planification, l&#8217;ex\u00e9cution et la gestion des b\u00e2timents. \u00c0 l&#8217;aide d&#8217;un logiciel appropri\u00e9, toutes les donn\u00e9es pertinentes relatives au b\u00e2timent sont enregistr\u00e9es num\u00e9riquement, combin\u00e9es et mises en r\u00e9seau. En outre, le b\u00e2timent est visualis\u00e9 g\u00e9om\u00e9triquement sous la forme d&#8217;un &#8220;jumeau num\u00e9rique&#8221;, c&#8217;est-\u00e0-dire d&#8217;un mod\u00e8le virtuel.\n                        <\/p>\n\n\t\t\t\t\t\t\n                    <\/div>\n\n                <\/div>\n\n            <\/div>\n\n\t\t\t\n<section class=\"wbq-breadcrumbs__section wbq-breadcrumbs__section--default wbq-inner-section\">\n    <div class=\"wbq-breadcrumbs__container\">\n\n        <div class=\"wbq-breadcrumbs__bar\">\n\t\t\t\n\t\t\t\t\n                <div class=\"wbq-breadcrumbs__part has-normal-font-size\">\n\n                    <span class=\"wbq-breadcrumbs__label has-dark-grey-color\">\n\n                        <a class=\"wbq-breadcrumbs__link\"\n                           href=\"https:\/\/alko-airtechnology.com\/fr\/\"\n                           title=\"Home\"\n                           target=\"_self\"\n                           itemprop=\"url\">\n                            <div class=\"wbq-breadcrumbs__link-text has-red-color\">\n                                Home                            <\/div>\n                        <\/a>\n\n                    <\/span>\n\n\t\t\t\t\t                        <div class=\"wbq-breadcrumbs__separator\">  <\/div>\n\t\t\t\t\t\n                <\/div>\n\n\t\t\t\n\t\t\t\t\n                <div class=\"wbq-breadcrumbs__part has-normal-font-size\">\n\n                    <span class=\"wbq-breadcrumbs__label has-dark-grey-color\">\n\n                        <a class=\"wbq-breadcrumbs__link\"\n                           href=\"https:\/\/alko-airtechnology.com\/fr\/service\/\"\n                           title=\"Service\"\n                           target=\"_self\"\n                           itemprop=\"url\">\n                            <div class=\"wbq-breadcrumbs__link-text has-red-color\">\n                                Service                            <\/div>\n                        <\/a>\n\n                    <\/span>\n\n\t\t\t\t\t                        <div class=\"wbq-breadcrumbs__separator\">  <\/div>\n\t\t\t\t\t\n                <\/div>\n\n\t\t\t\n\t\t\t\t\n                <div class=\"wbq-breadcrumbs__part has-normal-font-size\">\n\n                    <span class=\"wbq-breadcrumbs__label has-dark-grey-color\">\n\n                        <a class=\"wbq-breadcrumbs__link\"\n                           href=\"https:\/\/alko-airtechnology.com\/fr\/service\/planning-and-consulting\/\"\n                           title=\"Planification et conseil\"\n                           target=\"_self\"\n                           itemprop=\"url\">\n                            <div class=\"wbq-breadcrumbs__link-text has-red-color\">\n                                Planification et conseil                            <\/div>\n                        <\/a>\n\n                    <\/span>\n\n\t\t\t\t\t                        <div class=\"wbq-breadcrumbs__separator\">  <\/div>\n\t\t\t\t\t\n                <\/div>\n\n\t\t\t\n\n\t\t\t\n            <div class=\"wbq-breadcrumbs__part has-normal-font-size\">\n                <span class=\"wbq-breadcrumbs__label has-dark-grey-color\">Convertisseur BIM<\/span>\n            <\/div>\n        <\/div>\n\n    <\/div>\n<\/section>\n<script type=\"application\/ld+json\">{\"@context\":\"https:\\\/\\\/schema.org\",\"@type\":\"BreadcrumbList\",\"itemListElement\":[{\"@type\":\"ListItem\",\"position\":1,\"name\":\"Home\",\"item\":\"https:\\\/\\\/alko-airtechnology.com\\\/fr\\\/\"},{\"@type\":\"ListItem\",\"position\":2,\"name\":\"Service\",\"item\":\"https:\\\/\\\/alko-airtechnology.com\\\/fr\\\/service\\\/\"},{\"@type\":\"ListItem\",\"position\":3,\"name\":\"Planification et conseil\",\"item\":\"https:\\\/\\\/alko-airtechnology.com\\\/fr\\\/service\\\/planning-and-consulting\\\/\"},{\"@type\":\"ListItem\",\"position\":4,\"name\":\"Convertisseur BIM\",\"item\":\"https:\\\/\\\/alko-airtechnology.com\\\/fr\\\/service\\\/planning-and-consulting\\\/bim-converter\\\/\"}]}<\/script>\n\n    <\/div>\n\t\n\n<\/div>\n\n\n<div class=\" B-ak-text-elements\" id=\"block_0382fa377c5dac70e898a4b1ff522191\">\n\n    <div class=\"B-ak-text-elements__container ak-section has-center\">\n\n\n\t\t\t\n    <div class=\"B-ak-text-elements-heading ak-heading\">\n\n        <h2 class=\"ak-heading__title is-red\" >\n        Comment cela fonctionne-t-il ?        <\/h2>\n\n    <\/div>\n\n\n        <div class=\"B-ak-text-elements__text\">\n\n\t\t\tLe convertisseur AL-KO BIM gratuit permet de fournir des informations num\u00e9riques sur vos centrales de traitement d&#8217;air et de les int\u00e9grer dans votre projet BIM. Les donn\u00e9es d&#8217;une unit\u00e9 de ventilation configur\u00e9e dans AL-KO AIRCLOUD\u00ae ou KlimaSoft\u00ae peuvent \u00eatre charg\u00e9es dans le Building Information Modeling pour un traitement ult\u00e9rieur. Outil puissant, BIM Converter prend en charge les formats des logiciels de planification et de conception les plus courants, tels que Revit et AutoCAD, et offre une multitude d&#8217;autres fonctions.\n        <\/div>\n\n        <div class=\"B-ak-text-elements__button\">\n\n\t\t\t\n        <\/div>\n\n    <\/div>\n\n<\/div>\n\n\n\n<div class=\"ak-block ak-info-box\" id=\"block_92e63cc25929877d77ef603156af075e\">\n    <div class=\"ak-info-box-container ak-section\" id=\"\">\n\t    \t\n    <div class=\"ak-info-box-heading ak-heading\">\n\n        <h3 class=\"ak-heading__title is-red border-top\" >\n        Downloads        <\/h3>\n\n    <\/div>\n\n\t    \t\t<div class=\"ak-info-box-row wbq-grid-container\">\n\n\t\t\t\n\t\t\t\t<div class=\"ak-info-box-col wbq-grid-col wbq-grid-col--6 wbq-grid-col-m--6 has-grey-dark\">\n\t\t\t\t\t\t\t\t\t\t\t\t<h4 class=\"ak-info-box__subtitle\"> Convertisseur BIM<\/h4>\n\n\t\t\t\t\t\t\t\n\t\t\t\t\t\t\t\t<ul class=\"ak-info-box__list\">\n\n\t\t\t\t\t\t\t\t\t\t\t\t\t\t\t\t\t\t\t<li class=\"ak-info-box__item\">\n\n\t\t\t\t\t\t\t\t\t\t\t\n\t\t\t\t\t\t\t\t\t\t\t\t<a href=\"https:\/\/alko-airtechnology.com\/en\/wp-content\/uploads\/sites\/4\/2023\/12\/ALKO-BIM-Converter-Manual-03-2023.pdf\"\n\t\t\t\t\t\t\t\t\t\t\t\t   class=\"ak-icons--after ak-icons-arrow-long-right--after\" target=\"_blank\">\n\t\t\t\t\t\t\t\t\t\t\t\t\tInstructions\n\t\t\t\t\t\t\t\t\t\t\t\t<\/a>\n\n\t\t\t\t\t\t\t\t\t\t\t\n\t\t\t\t\t\t\t\t\t\t<\/li>\n\t\t\t\t\t\t\t\t\t\t\t\t\t\t\t\t\t\t\t<li class=\"ak-info-box__item\">\n\n\t\t\t\t\t\t\t\t\t\t\t\n\t\t\t\t\t\t\t\t\t\t\t\t<a href=\"https:\/\/ks-download.alko-air.com\/BIM\/AL-KO_BIM_Converter.zip\"\n\t\t\t\t\t\t\t\t\t\t\t\t   class=\"ak-icons--after ak-icons-arrow-long-right--after\" target=\"_blank\">\n\t\t\t\t\t\t\t\t\t\t\t\t\tLogiciel\n\t\t\t\t\t\t\t\t\t\t\t\t<\/a>\n\n\t\t\t\t\t\t\t\t\t\t\t\n\t\t\t\t\t\t\t\t\t\t<\/li>\n\t\t\t\t\t\t\t\t\t\n\t\t\t\t\t\t\t\t<\/ul>\n\n\t\t\t\t\t\t\t\t\t\t\t\t\t\t\t\t\t\t<\/div>\n\t\t\t\n\t\t\t\t<div class=\"ak-info-box-col wbq-grid-col wbq-grid-col--6 wbq-grid-col-m--6 has-red\">\n\t\t\t\t\t\t\t\t\t\t\t\t<h4 class=\"ak-info-box__subtitle\"> Avez-vous des questions ?<\/h4>\n\n\t\t\t\t\t\t\t\t\t\t\t\t\t\t\t<p class=\"ak-description\"> N&#8217;h\u00e9sitez pas \u00e0 nous contacter \u00e0 l&#8217;adresse suivante : support-bim@alko-air.com<\/p>\n\t\t\t\t\t\t\t\t\t\t\t\t\t\t\t\t\t\t<\/div>\n\t\t\t\n\t\t<\/div>    <\/div>\n<\/div>\n\n\n\n\n\n<div class=\"B-ak-next-best-actions alignfull\" id=\"block_ed2a3e28b1ddd535d6d888186badddf3\">\n\n\t<div class=\"T-ak-next-best-actions__row wbq-grid-container\"\n     id=\"\">\n\n\t\n        <div class=\"T-ak-next-best-actions__col wbq-grid-col wbq-grid-col--4 wbq-grid-col-m--4\">\n\n            <div class=\"T-ak-next-best-actions__content\">\n\n                <a class=\"T-ak-next-best-actions__link\"\n                   href=\"https:\/\/alko-airtechnology.com\/fr\/service\/planning-and-consulting\/al-ko-aircloud\/\">\n\n                    <div class=\"T-ak-next-best-actions__inner ak-icons--after ak-icons-arrow-long-right--after\">\n\n\t\t\t\t\t\t\t\n    <div class=\"T-ak-next-best-actions-heading ak-heading\">\n\n        <h5 class=\"ak-heading__title is-white\" >\n        Aircloud        <\/h5>\n\n    <\/div>\n\n                    <\/div>\n                <\/a>\n\n            <\/div>\n\n        <\/div>\n\n\t\n        <div class=\"T-ak-next-best-actions__col wbq-grid-col wbq-grid-col--4 wbq-grid-col-m--4\">\n\n            <div class=\"T-ak-next-best-actions__content\">\n\n                <a class=\"T-ak-next-best-actions__link\"\n                   href=\"https:\/\/alko-airtechnology.com\/fr\/service\/planning-and-consulting\/klimasoft\/\">\n\n                    <div class=\"T-ak-next-best-actions__inner ak-icons--after ak-icons-arrow-long-right--after\">\n\n\t\t\t\t\t\t\t\n    <div class=\"T-ak-next-best-actions-heading ak-heading\">\n\n        <h5 class=\"ak-heading__title is-white\" >\n        KlimaSoft        <\/h5>\n\n    <\/div>\n\n                    <\/div>\n                <\/a>\n\n            <\/div>\n\n        <\/div>\n\n\t\n        <div class=\"T-ak-next-best-actions__col wbq-grid-col wbq-grid-col--4 wbq-grid-col-m--4\">\n\n            <div class=\"T-ak-next-best-actions__content\">\n\n                <a class=\"T-ak-next-best-actions__link\"\n                   href=\"https:\/\/alko-airtechnology.com\/fr\/produits\/\">\n\n                    <div class=\"T-ak-next-best-actions__inner ak-icons--after ak-icons-arrow-long-right--after\">\n\n\t\t\t\t\t\t\t\n    <div class=\"T-ak-next-best-actions-heading ak-heading\">\n\n        <h5 class=\"ak-heading__title is-white\" >\n        Produits        <\/h5>\n\n    <\/div>\n\n                    <\/div>\n                <\/a>\n\n            <\/div>\n\n        <\/div>\n\n\t\n<\/div>\n\n<\/div>","protected":false},"excerpt":{"rendered":"","protected":false},"author":22,"featured_media":0,"parent":2530,"menu_order":13,"comment_status":"closed","ping_status":"closed","template":"","meta":{"_acf_changed":false,"_trash_the_other_posts":false,"editor_notices":[],"footnotes":""},"class_list":["post-2618","page","type-page","status-publish","hentry"],"acf":[],"yoast_head":"<title>Convertisseur BIM | AL-KO Air Technology<\/title>\n<meta name=\"description\" content=\"AL-KO BIM Converter : Int\u00e9grez les informations num\u00e9riques de vos unit\u00e9s de ventilation centrale dans le mod\u00e8le num\u00e9rique du b\u00e2timent.\" \/>\n<meta name=\"robots\" content=\"index, follow, max-snippet:-1, max-image-preview:large, max-video-preview:-1\" \/>\n<link rel=\"canonical\" href=\"https:\/\/alko-airtechnology.com\/fr\/service\/planning-and-consulting\/bim-converter\/\" \/>\n<meta property=\"og:locale\" content=\"en_US\" \/>\n<meta property=\"og:type\" content=\"article\" \/>\n<meta property=\"og:title\" content=\"Convertisseur BIM | AL-KO Air Technology\" \/>\n<meta property=\"og:description\" content=\"AL-KO BIM Converter : Int\u00e9grez les informations num\u00e9riques de vos unit\u00e9s de ventilation centrale dans le mod\u00e8le num\u00e9rique du b\u00e2timent.\" \/>\n<meta property=\"og:url\" content=\"https:\/\/alko-airtechnology.com\/fr\/service\/planning-and-consulting\/bim-converter\/\" \/>\n<meta property=\"og:site_name\" content=\"AL-KO Air Technology\" \/>\n<meta property=\"article:modified_time\" content=\"2024-09-23T07:14:43+00:00\" \/>\n<meta name=\"twitter:card\" content=\"summary_large_image\" \/>\n<script type=\"application\/ld+json\" class=\"yoast-schema-graph\">{\"@context\":\"https:\/\/schema.org\",\"@graph\":[{\"@type\":\"WebPage\",\"@id\":\"https:\/\/alko-airtechnology.com\/fr\/service\/planning-and-consulting\/bim-converter\/\",\"url\":\"https:\/\/alko-airtechnology.com\/fr\/service\/planning-and-consulting\/bim-converter\/\",\"name\":\"Convertisseur BIM | AL-KO Air Technology\",\"isPartOf\":{\"@id\":\"https:\/\/alko-airtechnology.com\/fr\/#website\"},\"datePublished\":\"2022-01-26T10:27:27+00:00\",\"dateModified\":\"2024-09-23T07:14:43+00:00\",\"description\":\"AL-KO BIM Converter : Int\u00e9grez les informations num\u00e9riques de vos unit\u00e9s de ventilation centrale dans le mod\u00e8le num\u00e9rique du b\u00e2timent.\",\"breadcrumb\":{\"@id\":\"https:\/\/alko-airtechnology.com\/fr\/service\/planning-and-consulting\/bim-converter\/#breadcrumb\"},\"inLanguage\":\"en-US\",\"potentialAction\":[{\"@type\":\"ReadAction\",\"target\":[\"https:\/\/alko-airtechnology.com\/fr\/service\/planning-and-consulting\/bim-converter\/\"]}]},{\"@type\":\"BreadcrumbList\",\"@id\":\"https:\/\/alko-airtechnology.com\/fr\/service\/planning-and-consulting\/bim-converter\/#breadcrumb\",\"itemListElement\":[{\"@type\":\"ListItem\",\"position\":1,\"name\":\"Service\",\"item\":\"https:\/\/alko-airtechnology.com\/fr\/service\/\"},{\"@type\":\"ListItem\",\"position\":2,\"name\":\"Planification et conseil\",\"item\":\"https:\/\/alko-airtechnology.com\/fr\/service\/planning-and-consulting\/\"},{\"@type\":\"ListItem\",\"position\":3,\"name\":\"Convertisseur BIM\"}]},{\"@type\":\"WebSite\",\"@id\":\"https:\/\/alko-airtechnology.com\/fr\/#website\",\"url\":\"https:\/\/alko-airtechnology.com\/fr\/\",\"name\":\"AL-KO Air Technology\",\"description\":\"Air Technology\",\"publisher\":{\"@id\":\"https:\/\/alko-airtechnology.com\/fr\/#organization\"},\"potentialAction\":[{\"@type\":\"SearchAction\",\"target\":{\"@type\":\"EntryPoint\",\"urlTemplate\":\"https:\/\/alko-airtechnology.com\/fr\/?s={search_term_string}\"},\"query-input\":{\"@type\":\"PropertyValueSpecification\",\"valueRequired\":true,\"valueName\":\"search_term_string\"}}],\"inLanguage\":\"en-US\"},{\"@type\":\"Organization\",\"@id\":\"https:\/\/alko-airtechnology.com\/fr\/#organization\",\"name\":\"AL-KO Air Technology\",\"url\":\"https:\/\/alko-airtechnology.com\/fr\/\",\"logo\":{\"@type\":\"ImageObject\",\"inLanguage\":\"en-US\",\"@id\":\"https:\/\/alko-airtechnology.com\/fr\/#\/schema\/logo\/image\/\",\"url\":\"https:\/\/alko-airtechnology.com\/fr\/wp-content\/uploads\/sites\/5\/2021\/05\/AL-KO-Claim.svg\",\"contentUrl\":\"https:\/\/alko-airtechnology.com\/fr\/wp-content\/uploads\/sites\/5\/2021\/05\/AL-KO-Claim.svg\",\"width\":283,\"height\":114,\"caption\":\"AL-KO Air Technology\"},\"image\":{\"@id\":\"https:\/\/alko-airtechnology.com\/fr\/#\/schema\/logo\/image\/\"}}]}<\/script>","yoast_head_json":{"title":"Convertisseur BIM | AL-KO Air Technology","description":"AL-KO BIM Converter : Int\u00e9grez les informations num\u00e9riques de vos unit\u00e9s de ventilation centrale dans le mod\u00e8le num\u00e9rique du b\u00e2timent.","robots":{"index":"index","follow":"follow","max-snippet":"max-snippet:-1","max-image-preview":"max-image-preview:large","max-video-preview":"max-video-preview:-1"},"canonical":"https:\/\/alko-airtechnology.com\/fr\/service\/planning-and-consulting\/bim-converter\/","og_locale":"en_US","og_type":"article","og_title":"Convertisseur BIM | AL-KO Air Technology","og_description":"AL-KO BIM Converter : Int\u00e9grez les informations num\u00e9riques de vos unit\u00e9s de ventilation centrale dans le mod\u00e8le num\u00e9rique du b\u00e2timent.","og_url":"https:\/\/alko-airtechnology.com\/fr\/service\/planning-and-consulting\/bim-converter\/","og_site_name":"AL-KO Air Technology","article_modified_time":"2024-09-23T07:14:43+00:00","twitter_card":"summary_large_image","schema":{"@context":"https:\/\/schema.org","@graph":[{"@type":"WebPage","@id":"https:\/\/alko-airtechnology.com\/fr\/service\/planning-and-consulting\/bim-converter\/","url":"https:\/\/alko-airtechnology.com\/fr\/service\/planning-and-consulting\/bim-converter\/","name":"Convertisseur BIM | AL-KO Air Technology","isPartOf":{"@id":"https:\/\/alko-airtechnology.com\/fr\/#website"},"datePublished":"2022-01-26T10:27:27+00:00","dateModified":"2024-09-23T07:14:43+00:00","description":"AL-KO BIM Converter : Int\u00e9grez les informations num\u00e9riques de vos unit\u00e9s de ventilation centrale dans le mod\u00e8le num\u00e9rique du b\u00e2timent.","breadcrumb":{"@id":"https:\/\/alko-airtechnology.com\/fr\/service\/planning-and-consulting\/bim-converter\/#breadcrumb"},"inLanguage":"en-US","potentialAction":[{"@type":"ReadAction","target":["https:\/\/alko-airtechnology.com\/fr\/service\/planning-and-consulting\/bim-converter\/"]}]},{"@type":"BreadcrumbList","@id":"https:\/\/alko-airtechnology.com\/fr\/service\/planning-and-consulting\/bim-converter\/#breadcrumb","itemListElement":[{"@type":"ListItem","position":1,"name":"Service","item":"https:\/\/alko-airtechnology.com\/fr\/service\/"},{"@type":"ListItem","position":2,"name":"Planification et conseil","item":"https:\/\/alko-airtechnology.com\/fr\/service\/planning-and-consulting\/"},{"@type":"ListItem","position":3,"name":"Convertisseur BIM"}]},{"@type":"WebSite","@id":"https:\/\/alko-airtechnology.com\/fr\/#website","url":"https:\/\/alko-airtechnology.com\/fr\/","name":"AL-KO Air Technology","description":"Air Technology","publisher":{"@id":"https:\/\/alko-airtechnology.com\/fr\/#organization"},"potentialAction":[{"@type":"SearchAction","target":{"@type":"EntryPoint","urlTemplate":"https:\/\/alko-airtechnology.com\/fr\/?s={search_term_string}"},"query-input":{"@type":"PropertyValueSpecification","valueRequired":true,"valueName":"search_term_string"}}],"inLanguage":"en-US"},{"@type":"Organization","@id":"https:\/\/alko-airtechnology.com\/fr\/#organization","name":"AL-KO Air Technology","url":"https:\/\/alko-airtechnology.com\/fr\/","logo":{"@type":"ImageObject","inLanguage":"en-US","@id":"https:\/\/alko-airtechnology.com\/fr\/#\/schema\/logo\/image\/","url":"https:\/\/alko-airtechnology.com\/fr\/wp-content\/uploads\/sites\/5\/2021\/05\/AL-KO-Claim.svg","contentUrl":"https:\/\/alko-airtechnology.com\/fr\/wp-content\/uploads\/sites\/5\/2021\/05\/AL-KO-Claim.svg","width":283,"height":114,"caption":"AL-KO Air Technology"},"image":{"@id":"https:\/\/alko-airtechnology.com\/fr\/#\/schema\/logo\/image\/"}}]}},"_links":{"self":[{"href":"https:\/\/alko-airtechnology.com\/fr\/wp-json\/wp\/v2\/pages\/2618","targetHints":{"allow":["GET"]}}],"collection":[{"href":"https:\/\/alko-airtechnology.com\/fr\/wp-json\/wp\/v2\/pages"}],"about":[{"href":"https:\/\/alko-airtechnology.com\/fr\/wp-json\/wp\/v2\/types\/page"}],"author":[{"embeddable":true,"href":"https:\/\/alko-airtechnology.com\/fr\/wp-json\/wp\/v2\/users\/22"}],"replies":[{"embeddable":true,"href":"https:\/\/alko-airtechnology.com\/fr\/wp-json\/wp\/v2\/comments?post=2618"}],"version-history":[{"count":0,"href":"https:\/\/alko-airtechnology.com\/fr\/wp-json\/wp\/v2\/pages\/2618\/revisions"}],"up":[{"embeddable":true,"href":"https:\/\/alko-airtechnology.com\/fr\/wp-json\/wp\/v2\/pages\/2530"}],"wp:attachment":[{"href":"https:\/\/alko-airtechnology.com\/fr\/wp-json\/wp\/v2\/media?parent=2618"}],"curies":[{"name":"wp","href":"https:\/\/api.w.org\/{rel}","templated":true}]}}